{"id":2061,"date":"2020-05-29T22:42:03","date_gmt":"2020-05-29T22:42:03","guid":{"rendered":"https:\/\/internova.hr\/?page_id=2061"},"modified":"2020-05-29T22:42:03","modified_gmt":"2020-05-29T22:42:03","slug":"newsletter","status":"publish","type":"page","link":"https:\/\/internova.hr\/hr\/newsletter\/","title":{"rendered":"Newsletter"},"content":{"rendered":"<p><strong>Primat \u0107ete novosti o na\u0161im projektima zajedno s pozivnicama na na\u0161e ekskluzivne doga\u0111aje.<\/strong><\/p>\n<script>(function() {\n\twindow.mc4wp = window.mc4wp || {\n\t\tlisteners: [],\n\t\tforms: {\n\t\t\ton: function(evt, cb) {\n\t\t\t\twindow.mc4wp.listeners.push(\n\t\t\t\t\t{\n\t\t\t\t\t\tevent   : evt,\n\t\t\t\t\t\tcallback: cb\n\t\t\t\t\t}\n\t\t\t\t);\n\t\t\t}\n\t\t}\n\t}\n})();\n<\/script><!-- Mailchimp for WordPress v4.10.5 - https:\/\/wordpress.org\/plugins\/mailchimp-for-wp\/ --><form id=\"mc4wp-form-1\" class=\"mc4wp-form mc4wp-form-2056\" method=\"post\" data-id=\"2056\" data-name=\"Newsletter\" ><div class=\"mc4wp-form-fields\"><div class=\"sub-input\" style=\"display:inline-block;\">\r\n  <span style=\"width:50%; padding-right: 10px;display: inline-block; float: left;\"><input type=\"text\" name=\"FNAME\" placeholder=\"first name\" required=\"\" style=\"width:100%;\"><\/span>\r\n  <span style=\"width:50%; padding-left: 10px;display: inline-block; float: left;\"><input type=\"text\" name=\"LNAME\" placeholder=\"last name\" required=\"\" style=\"width:100%;\"><\/span>\r\n<\/div>\r\n<div class=\"sub-input\">\r\n<input type=\"email\" name=\"EMAIL\" placeholder=\"insert your email\" required \/><input type=\"submit\" value=\"subscribe\" \/>\r\n<\/div><\/div><label style=\"display: none !important;\">Leave this field empty if you're human: <input type=\"text\" name=\"_mc4wp_honeypot\" value=\"\" tabindex=\"-1\" autocomplete=\"off\" \/><\/label><input type=\"hidden\" name=\"_mc4wp_timestamp\" value=\"1776964968\" \/><input type=\"hidden\" name=\"_mc4wp_form_id\" value=\"2056\" \/><input type=\"hidden\" name=\"_mc4wp_form_element_id\" value=\"mc4wp-form-1\" \/><div class=\"mc4wp-response\"><\/div><\/form><!-- \/ Mailchimp for WordPress Plugin -->\n","protected":false},"excerpt":{"rendered":"<p>Primat \u0107ete novosti o na\u0161im projektima zajedno s pozivnicama na na\u0161e ekskluzivne doga\u0111aje.<\/p>\n","protected":false},"author":1,"featured_media":0,"parent":0,"menu_order":9,"comment_status":"closed","ping_status":"closed","template":"tpl_newsletter.php","meta":{"footnotes":""},"class_list":["post-2061","page","type-page","status-publish","hentry"],"acf":[],"aioseo_notices":[],"_links":{"self":[{"href":"https:\/\/internova.hr\/hr\/wp-json\/wp\/v2\/pages\/2061","targetHints":{"allow":["GET"]}}],"collection":[{"href":"https:\/\/internova.hr\/hr\/wp-json\/wp\/v2\/pages"}],"about":[{"href":"https:\/\/internova.hr\/hr\/wp-json\/wp\/v2\/types\/page"}],"author":[{"embeddable":true,"href":"https:\/\/internova.hr\/hr\/wp-json\/wp\/v2\/users\/1"}],"replies":[{"embeddable":true,"href":"https:\/\/internova.hr\/hr\/wp-json\/wp\/v2\/comments?post=2061"}],"version-history":[{"count":0,"href":"https:\/\/internova.hr\/hr\/wp-json\/wp\/v2\/pages\/2061\/revisions"}],"wp:attachment":[{"href":"https:\/\/internova.hr\/hr\/wp-json\/wp\/v2\/media?parent=2061"}],"curies":[{"name":"wp","href":"https:\/\/api.w.org\/{rel}","templated":true}]}}